
{"id":23347,"date":"2020-01-08T15:11:15","date_gmt":"2020-01-08T15:11:15","guid":{"rendered":"https:\/\/www.bn-design-portfolio-jz.co.uk\/woodfordsinsurancebrokers\/?page_id=23347"},"modified":"2021-02-18T17:23:52","modified_gmt":"2021-02-18T17:23:52","slug":"meet-the-team","status":"publish","type":"page","link":"https:\/\/www.tarianarlein.co.uk\/cy\/meet-the-team\/","title":{"rendered":"Cwrdd \u00e2&#8217;r t\u00eem"},"content":{"rendered":"<p>&nbsp;<\/p>\n<p>&nbsp;<\/p>\n<div class=\"tmm tmm_meet-the-team tmm-floating-pic\"><div class=\"tmm_3_columns tmm_wrap \"><span class=\"tmm_two_containers_tablet\"><\/span><div class=\"tmm_container \"><div class=\"tmm_member \" style=\"border-top:#cf3339 solid 5px;\"><div class=\"tmm_textblock\"><div class=\"tmm_names\"><span class=\"tmm_fname\">Gillian<\/span> <span class=\"tmm_lname\">Parry-Jones<\/span><\/div><div class=\"tmm_job\">Director<\/div><div class=\"tmm_desc\" style=\"text-align:center\"><p>Mae Gillian wedi bod gyda Tarian ers y dechrau bron, yn \u00f4l ym 1987.\r\nCychwynnodd Gillian adran llinellau personol Cwmni Tarian Cyf, a wnaeth gychwyn fel Cynghorwyr Ariannol.\r\nDaeth yn gyfarwyddwr ym 1989 cyn dod yn unig Gyfarwyddwr Tarian (Yswiriant) Cyf ym 1999.\r\nYn ogystal, mae Gillian yn Gyfarwyddwr :\r\n\u2022\tSiop Morgeisi Direct Mortages Limited, sy'n darparu cynhyrchion oes a morgeisi.\r\n\u2022\tTractors Menai Tractors Cyf, y mae ei g\u0175r Robat yn ei redeg.  Mae'r cwmni yn gwerthu offer amaethyddol ac maent yn brif werthwyr New Holland.\r\n<\/p><\/div><div class=\"tmm_scblock\"><\/div><\/div><\/div><div class=\"tmm_member \" style=\"border-top:#cf3339 solid 5px;\"><div class=\"tmm_textblock\"><div class=\"tmm_names\"><span class=\"tmm_fname\">Gwilym<\/span> <span class=\"tmm_lname\">Roberts<\/span><\/div><div class=\"tmm_desc\" style=\"text-align:center\"><p>Mae Gwilym wedi bod gyda Tarian (Yswiriant) Cyf ers dros 20 mlynedd.  Ganwyd Gwilym ym Mlaenau Ffestiniog ac yna, cafodd ei fagu yng Nghaernarfon a chafodd ei addysg yn Ysgol Syr Hugh Owen. Ar \u00f4l treulio blwyddyn yng Nghaerloyw yn astudio cyfrifiadura, dychwelodd i Ogledd Cymru, gan raddio o Brifysgol Cymru Bangor, Y Coleg Normal.Dechreuodd Gwilym weithio i Cwmni Tarian Cyf ym mis Medi 1991 ac yna, o fis Chwefror 1999, i Tarian (Yswiriant) Cyf.Mae Gwilym yn byw yng Nghaernarfon gyda'i bartner a dau o blant.\r\n<\/p><\/div><div class=\"tmm_scblock\"><\/div><\/div><\/div><span class=\"tmm_two_containers_tablet\"><\/span><div class=\"tmm_member \" style=\"border-top:#cf3339 solid 5px;\"><div class=\"tmm_textblock\"><div class=\"tmm_names\"><span class=\"tmm_fname\">Darren<\/span> <span class=\"tmm_lname\">Batsford<\/span><\/div><div class=\"tmm_desc\" style=\"text-align:center\"><p>Ymunodd Darren gyda Tarian ym mis Mai 2012 ac mae ganddo dros 10 mlynedd o brofiad yn y diwydiant yswiriant.\r\nCyn ymuno \u00e2 Tarian, bu Darren yn gweithio yng Ngwasanaethau Yswiriant Lyon yng Nghaergybi, lle y bu'n delio gyda'u cynllun Gwestai a Chartrefi Gwyliau, yn ogystal \u00e2 pholis\u00efau Aelwydydd a Masnachol.\r\nMae gan Darren brofiad o ddelio gyda phob math o yswiriant ac mae'n fodlon eich helpu gydag unrhyw ymholiadau sydd gennych gyda'ch polisi Aelwyd, Modur neu Fasnachol.\r\nY tu allan i'r gwaith, mae Darren yn mwynhau darllen, chwarae dartiau a dilyn Clwb P\u00eal-droed Everton.\r\n<\/p><\/div><div class=\"tmm_scblock\"><\/div><\/div><\/div><\/div><span class=\"tmm_columns_containers_desktop\"><\/span><div class=\"tmm_container \"><div class=\"tmm_member \" style=\"border-top:#cf3339 solid 5px;\"><div class=\"tmm_textblock\"><div class=\"tmm_names\"><span class=\"tmm_fname\">Lynne<\/span> <span class=\"tmm_lname\">Thomas<\/span><\/div><div class=\"tmm_desc\" style=\"text-align:center\"><p>Mae Lynne wedi bod yn gweithio i Tarian er 2008, ac yn flaenorol, bu'n gweithio i Siop Morgeisi Direct Mortgages Limited am dros 6 blynedd.\r\nMae Lynne yn brofiadol ym maes yswiriant llinellau personol, a bydd yn falch o'ch helpu gydag unrhyw ymholiadau sydd gennych am yswiriant modur, cartref neu deithio.\r\nMae Lynne yn byw gerllaw ym Montnewydd gyda'i phartner, ac mae'n mwynhau teithio a chefnogi ei th\u00eem p\u00eal-droed, sef Clwb P\u00eal-droed Lerpwl.\r\n<\/p><\/div><div class=\"tmm_scblock\"><\/div><\/div><\/div><span class=\"tmm_two_containers_tablet\"><\/span><div class=\"tmm_member \" style=\"border-top:#cf3339 solid 5px;\"><div class=\"tmm_textblock\"><div class=\"tmm_names\"><span class=\"tmm_fname\">Gwen<\/span> <span class=\"tmm_lname\">Tomos<\/span><\/div><div class=\"tmm_desc\" style=\"text-align:center\"><p>Ymunodd Gwen gyda Tarian dan drefniant amser llawn yn 2011 ar \u00f4l treulio sawl blynedd yn gweithio i Tarian yn ystod yr haf.\r\nMagwyd Gwen yn Nant Peris ac aeth i Ysgol Brynrefail cyn graddio o Brifysgol Cymru, Bangor.\r\nMae Gwen yn brofiadol ym maes yswiriant llinellau personol, a bydd yn falch o'ch helpu gydag unrhyw ymholiad sydd gennych am yswiriant modur, cartref neu deithio.\r\nMae Gwen yn mwynhau coginio, cerdded, siopa a mynd i weld bandiau byw.\r\n <\/p><\/div><div class=\"tmm_scblock\"><\/div><\/div><\/div><div style=\"clear:both;\"><\/div><\/div><\/div><\/div>\n","protected":false},"excerpt":{"rendered":"<p>&nbsp; &nbsp;<\/p>\n","protected":false},"author":1,"featured_media":0,"parent":0,"menu_order":8,"comment_status":"closed","ping_status":"closed","template":"","meta":{"_acf_changed":false,"inline_featured_image":false,"_monsterinsights_skip_tracking":false,"_monsterinsights_sitenote_active":false,"_monsterinsights_sitenote_note":"","_monsterinsights_sitenote_category":0,"footnotes":""},"class_list":["post-23347","page","type-page","status-publish","hentry"],"translation":{"provider":"WPGlobus","version":"3.0.2","language":"cy","enabled_languages":["en","cy"],"languages":{"en":{"title":true,"content":true,"excerpt":false},"cy":{"title":true,"content":true,"excerpt":false}}},"acf":[],"yoast_head":"<!-- This site is optimized with the Yoast SEO plugin v26.8 - https:\/\/yoast.com\/product\/yoast-seo-wordpress\/ -->\n<title>Cwrdd \u00e2&#039;r t\u00eem | | Tarian (Yswiriant) Cyf Insurance Brokers | Caernarfon<\/title>\n<meta name=\"robots\" content=\"index, follow, max-snippet:-1, max-image-preview:large, max-video-preview:-1\" \/>\n<link rel=\"canonical\" href=\"https:\/\/www.tarianarlein.co.uk\/meet-the-team\/\" \/>\n<meta property=\"og:locale\" content=\"en_US\" \/>\n<meta property=\"og:type\" content=\"article\" \/>\n<meta property=\"og:title\" content=\"{:en}Meet the Team | Tarian (Yswiriant) Cyf Insurance Brokers | Caernarfon{:}{:cy}Cwrdd \u00e2&#039;r t\u00eem | | Tarian (Yswiriant) Cyf Insurance Brokers | Caernarfon{:}\" \/>\n<meta property=\"og:url\" content=\"https:\/\/www.tarianarlein.co.uk\/meet-the-team\/\" \/>\n<meta property=\"og:site_name\" content=\"Tarian\" \/>\n<meta property=\"article:modified_time\" content=\"2021-02-18T17:23:52+00:00\" \/>\n<meta name=\"twitter:card\" content=\"summary_large_image\" \/>\n<script type=\"application\/ld+json\" class=\"yoast-schema-graph\">{\"@context\":\"https:\/\/schema.org\",\"@graph\":[{\"@type\":\"WebPage\",\"@id\":\"https:\/\/www.tarianarlein.co.uk\/meet-the-team\/\",\"url\":\"https:\/\/www.tarianarlein.co.uk\/meet-the-team\/\",\"name\":\"Meet the Team | Tarian (Yswiriant) Cyf Insurance Brokers | Caernarfon\",\"isPartOf\":{\"@id\":\"https:\/\/www.tarianarlein.co.uk\/#website\"},\"datePublished\":\"2020-01-08T15:11:15+00:00\",\"dateModified\":\"2021-02-18T17:23:52+00:00\",\"description\":\"Get to know the faces behind Tarian Insurance Brokers. We're proud to present our dedicated insurance experts who provide an exceptional service everyday.\",\"breadcrumb\":{\"@id\":\"https:\/\/www.tarianarlein.co.uk\/meet-the-team\/#breadcrumb\"},\"inLanguage\":\"cy\",\"potentialAction\":[{\"@type\":\"ReadAction\",\"target\":[\"https:\/\/www.tarianarlein.co.uk\/meet-the-team\/\"]}]},{\"@type\":\"BreadcrumbList\",\"@id\":\"https:\/\/www.tarianarlein.co.uk\/meet-the-team\/#breadcrumb\",\"itemListElement\":[{\"@type\":\"ListItem\",\"position\":1,\"name\":\"Home\",\"item\":\"https:\/\/www.tarianarlein.co.uk\/\"},{\"@type\":\"ListItem\",\"position\":2,\"name\":\"Meet the Team\"}]},{\"@type\":\"WebSite\",\"@id\":\"https:\/\/www.tarianarlein.co.uk\/#website\",\"url\":\"https:\/\/www.tarianarlein.co.uk\/\",\"name\":\"Acres Insurance Brokers\",\"description\":\"Welsh Bi-lingual Insurance Brokers\",\"potentialAction\":[{\"@type\":\"SearchAction\",\"target\":{\"@type\":\"EntryPoint\",\"urlTemplate\":\"https:\/\/www.tarianarlein.co.uk\/?s={search_term_string}\"},\"query-input\":{\"@type\":\"PropertyValueSpecification\",\"valueRequired\":true,\"valueName\":\"search_term_string\"}}],\"inLanguage\":\"cy\"}]}<\/script>\n<!-- \/ Yoast SEO plugin. -->","yoast_head_json":{"title":"Cwrdd \u00e2'r t\u00eem | | Tarian (Yswiriant) Cyf Insurance Brokers | Caernarfon","robots":{"index":"index","follow":"follow","max-snippet":"max-snippet:-1","max-image-preview":"max-image-preview:large","max-video-preview":"max-video-preview:-1"},"canonical":"https:\/\/www.tarianarlein.co.uk\/meet-the-team\/","og_locale":"en_US","og_type":"article","og_title":"{:en}Meet the Team | Tarian (Yswiriant) Cyf Insurance Brokers | Caernarfon{:}{:cy}Cwrdd \u00e2'r t\u00eem | | Tarian (Yswiriant) Cyf Insurance Brokers | Caernarfon{:}","og_url":"https:\/\/www.tarianarlein.co.uk\/meet-the-team\/","og_site_name":"Tarian","article_modified_time":"2021-02-18T17:23:52+00:00","twitter_card":"summary_large_image","schema":{"@context":"https:\/\/schema.org","@graph":[{"@type":"WebPage","@id":"https:\/\/www.tarianarlein.co.uk\/meet-the-team\/","url":"https:\/\/www.tarianarlein.co.uk\/meet-the-team\/","name":"Meet the Team | Tarian (Yswiriant) Cyf Insurance Brokers | Caernarfon","isPartOf":{"@id":"https:\/\/www.tarianarlein.co.uk\/#website"},"datePublished":"2020-01-08T15:11:15+00:00","dateModified":"2021-02-18T17:23:52+00:00","description":"Get to know the faces behind Tarian Insurance Brokers. We're proud to present our dedicated insurance experts who provide an exceptional service everyday.","breadcrumb":{"@id":"https:\/\/www.tarianarlein.co.uk\/meet-the-team\/#breadcrumb"},"inLanguage":"cy","potentialAction":[{"@type":"ReadAction","target":["https:\/\/www.tarianarlein.co.uk\/meet-the-team\/"]}]},{"@type":"BreadcrumbList","@id":"https:\/\/www.tarianarlein.co.uk\/meet-the-team\/#breadcrumb","itemListElement":[{"@type":"ListItem","position":1,"name":"Home","item":"https:\/\/www.tarianarlein.co.uk\/"},{"@type":"ListItem","position":2,"name":"Meet the Team"}]},{"@type":"WebSite","@id":"https:\/\/www.tarianarlein.co.uk\/#website","url":"https:\/\/www.tarianarlein.co.uk\/","name":"Acres Insurance Brokers","description":"Welsh Bi-lingual Insurance Brokers","potentialAction":[{"@type":"SearchAction","target":{"@type":"EntryPoint","urlTemplate":"https:\/\/www.tarianarlein.co.uk\/?s={search_term_string}"},"query-input":{"@type":"PropertyValueSpecification","valueRequired":true,"valueName":"search_term_string"}}],"inLanguage":"cy"}]}},"_links":{"self":[{"href":"https:\/\/www.tarianarlein.co.uk\/cy\/wp-json\/wp\/v2\/pages\/23347","targetHints":{"allow":["GET"]}}],"collection":[{"href":"https:\/\/www.tarianarlein.co.uk\/cy\/wp-json\/wp\/v2\/pages"}],"about":[{"href":"https:\/\/www.tarianarlein.co.uk\/cy\/wp-json\/wp\/v2\/types\/page"}],"author":[{"embeddable":true,"href":"https:\/\/www.tarianarlein.co.uk\/cy\/wp-json\/wp\/v2\/users\/1"}],"replies":[{"embeddable":true,"href":"https:\/\/www.tarianarlein.co.uk\/cy\/wp-json\/wp\/v2\/comments?post=23347"}],"version-history":[{"count":8,"href":"https:\/\/www.tarianarlein.co.uk\/cy\/wp-json\/wp\/v2\/pages\/23347\/revisions"}],"predecessor-version":[{"id":23982,"href":"https:\/\/www.tarianarlein.co.uk\/cy\/wp-json\/wp\/v2\/pages\/23347\/revisions\/23982"}],"wp:attachment":[{"href":"https:\/\/www.tarianarlein.co.uk\/cy\/wp-json\/wp\/v2\/media?parent=23347"}],"curies":[{"name":"wp","href":"https:\/\/api.w.org\/{rel}","templated":true}]}}