
{"id":24097,"date":"2020-11-17T10:17:26","date_gmt":"2020-11-17T10:17:26","guid":{"rendered":"https:\/\/www.bn-design-portfolio-jz.co.uk\/tarianarlein\/?page_id=24097"},"modified":"2021-11-08T08:53:25","modified_gmt":"2021-11-08T08:53:25","slug":"pre-existing-medical-conditions","status":"publish","type":"page","link":"https:\/\/www.tarianarlein.co.uk\/cy\/pre-existing-medical-conditions\/","title":{"rendered":"Yswiriant Teithio"},"content":{"rendered":"<div class=\"wpb-content-wrapper\"><p>[vc_row row_type=&#8221;row&#8221; use_row_as_full_screen_section=&#8221;no&#8221; type=&#8221;grid&#8221; text_align=&#8221;left&#8221; css_animation=&#8221;&#8221;][vc_column][vc_column_text css=&#8221;.vc_custom_1607507373312{padding-top: 50px !important;}&#8221;]<\/p>\n<p>Gwybodaeth bwysig ar gyfer Cwsmeriaid sydd \u00e2 Chyflyrau Meddygol sy&#8217;n bodoli eisoes<\/p>\n<p>Mae&#8217;n rhaid i ni eich hysbysu o sut i wella eich mynediad at bolis\u0457au yswiriant teithio sydd yn cynnwys yswiriant ar gyfer cyflyrau meddygol mwy difrifol.<\/p>\n<p>&nbsp;<\/p>\n<p>Mae\u2019r ffactorau canlynol yn penderfynu pryd mae&#8217;r wybodaeth hon yn berthnasol i chi:<\/p>\n<ul>\n<li>Ni chynigiwyd i chi, neu rydym ni\/yr yswiriwr wedi gwrthod dyfynbris yn gyfan gwbl neu&#8217;n rhannol oherwydd cyflwr meddygol<\/li>\n<li>Mae eich polisi wedi&#8217;i ganslo&#8217;n gyfan gwbl neu&#8217;n rhannol oherwydd cyflwr meddygol<\/li>\n<li>Lle cynigiwyd polisi i chi gyda gwaharddiad cyflwr meddygol na ellir ei dynnu o&#8217;r polisi<\/li>\n<li>Lle cynigiwyd polisi i chi gyda phremiwm cyflwr meddygol o \u00a3100 neu fwy<\/li>\n<li>Lle cynigiwyd polisi i chi lle nad yw&#8217;r premiwm cyflwr meddygol yn hysbys<\/li>\n<\/ul>\n<p>&nbsp;<\/p>\n<p>Hoffem roi manylion i chi am y Medical Cover Firm Directory sy&#8217;n gyfeiriadur sydd ar gael i&#8217;r cyhoedd, ac sydd ond yn rhestru cwmn\u00efau sy&#8217;n darparu, neu&#8217;n trefnu polis\u00efau yswiriant teithio sy&#8217;n ymwneud \u00e2 chyflyrau meddygol mwy difrifol. Bydd y cyfeiriadur hefyd yn dangos digon o wybodaeth i chi am bob cwmni a restrir fel y gallwch wneud dewis gwybodus o\u2019r cychwyn cyntaf ynghylch pa ddarparwr sy\u2019n medru bodloni eich anghenion.<\/p>\n<p>&nbsp;<\/p>\n<p>Rhai o fanteision defnyddio&#8217;r cyfeiriadur yw ei bod yn ei gwneud hi&#8217;n haws i chi lywio drwy\u2019r farchnad sydd ar gael ac yn fwy tebygol y byddwch yn dod o hyd i gwmni sydd:<\/p>\n<ul>\n<li>yn barod i gynnig yswiriant ar gyfer eich cyflwr<\/li>\n<li>yn barod i gynnig yswiriant ar gyfer eich cyflwr heb waharddiadau penodol<\/li>\n<li>yn barod i gynnig yswiriant ar gyfer eich cyflwr am bris mwy fforddiadwy<\/li>\n<\/ul>\n<p>&nbsp;<\/p>\n<p>Mae&#8217;r Medical Cover Firm Directory ar gael yma:<\/p>\n<p>Mae\u2019r Money and Pensions Service (MaPS) wedi lansio cyfeiriadur yswiriant teithio ar ei gwefan Money Advice Service :<\/p>\n<p>&nbsp;<\/p>\n<p><a href=\"https:\/\/traveldirectory.moneyadviceservice.org.uk\/en\" target=\"_blank\" rel=\"noopener noreferrer\">https:\/\/traveldirectory.moneyadviceservice.org.uk\/en<\/a><\/p>\n<p>&nbsp;<\/p>\n<p>Gall defnyddwyr wneud ymholiadau yngl\u0177n \u00e2\u2019r cyfeiriadur trwy Ganolfan Cyswllt Cwsmer Money Advice Service , sydd ar gael o ddydd Llun i ddydd Gwener, 8yb i 6yh trwy ddefnyddio\u2019r manylion isod<\/p>\n<p>Ff\u00f4n &#8211; 0800 138 7777<\/p>\n<p>E-bost &#8211; enquiries@maps.org.uk<\/p>\n<p>Cyfeiriad &#8211; The Money Advice Service, Holborn Centre, 120 Holborn, London, EC1N<\/p>\n<p>2TD<\/p>\n<p>[\/vc_column_text][\/vc_column][\/vc_row]<\/p>\n<\/div>","protected":false},"excerpt":{"rendered":"<p>[vc_row row_type=&#8221;row&#8221; use_row_as_full_screen_section=&#8221;no&#8221; type=&#8221;grid&#8221; text_align=&#8221;left&#8221; css_animation=&#8221;&#8221;][vc_column][vc_column_text css=&#8221;.vc_custom_1607507373312{padding-top: 50px !important;}&#8221;] Gwybodaeth bwysig ar gyfer Cwsmeriaid sydd \u00e2 Chyflyrau Meddygol sy&#8217;n bodoli eisoes Mae&#8217;n rhaid i ni eich hysbysu o sut i wella eich mynediad at bolis\u0457au yswiriant teithio sydd yn cynnwys yswiriant ar gyfer cyflyrau meddygol&#8230;<\/p>\n","protected":false},"author":2,"featured_media":0,"parent":0,"menu_order":16,"comment_status":"closed","ping_status":"closed","template":"","meta":{"_acf_changed":false,"inline_featured_image":false,"_monsterinsights_skip_tracking":false,"_monsterinsights_sitenote_active":false,"_monsterinsights_sitenote_note":"","_monsterinsights_sitenote_category":0,"footnotes":""},"class_list":["post-24097","page","type-page","status-publish","hentry"],"translation":{"provider":"WPGlobus","version":"3.0.2","language":"cy","enabled_languages":["en","cy"],"languages":{"en":{"title":true,"content":true,"excerpt":false},"cy":{"title":true,"content":true,"excerpt":false}}},"acf":[],"yoast_head":"<!-- This site is optimized with the Yoast SEO plugin v26.8 - https:\/\/yoast.com\/product\/yoast-seo-wordpress\/ -->\n<title>Pre-existing Medical Conditions | Tarian (Yswiriant) Cyf | Caernarfon<\/title>\n<meta name=\"robots\" content=\"index, follow, max-snippet:-1, max-image-preview:large, max-video-preview:-1\" \/>\n<link rel=\"canonical\" href=\"https:\/\/www.tarianarlein.co.uk\/pre-existing-medical-conditions\/\" \/>\n<meta property=\"og:locale\" content=\"en_US\" \/>\n<meta property=\"og:type\" content=\"article\" \/>\n<meta property=\"og:title\" content=\"Yswiriant Teithio | Tarian\" \/>\n<meta property=\"og:url\" content=\"https:\/\/www.tarianarlein.co.uk\/pre-existing-medical-conditions\/\" \/>\n<meta property=\"og:site_name\" content=\"Tarian\" \/>\n<meta property=\"article:modified_time\" content=\"2021-11-08T08:53:25+00:00\" \/>\n<meta name=\"twitter:card\" content=\"summary_large_image\" \/>\n<meta name=\"twitter:label1\" content=\"Est. reading time\" \/>\n\t<meta name=\"twitter:data1\" content=\"2 minutes\" \/>\n<script type=\"application\/ld+json\" class=\"yoast-schema-graph\">{\"@context\":\"https:\/\/schema.org\",\"@graph\":[{\"@type\":\"WebPage\",\"@id\":\"https:\/\/www.tarianarlein.co.uk\/pre-existing-medical-conditions\/\",\"url\":\"https:\/\/www.tarianarlein.co.uk\/pre-existing-medical-conditions\/\",\"name\":\"Pre-existing Medical Conditions | Tarian (Yswiriant) Cyf | Caernarfon\",\"isPartOf\":{\"@id\":\"https:\/\/www.tarianarlein.co.uk\/#website\"},\"datePublished\":\"2020-11-17T10:17:26+00:00\",\"dateModified\":\"2021-11-08T08:53:25+00:00\",\"description\":\"Important Information for Customers travelling with Pre-existing Medical Conditions. Call us on 01286 677 787.\",\"breadcrumb\":{\"@id\":\"https:\/\/www.tarianarlein.co.uk\/pre-existing-medical-conditions\/#breadcrumb\"},\"inLanguage\":\"cy\",\"potentialAction\":[{\"@type\":\"ReadAction\",\"target\":[\"https:\/\/www.tarianarlein.co.uk\/pre-existing-medical-conditions\/\"]}]},{\"@type\":\"BreadcrumbList\",\"@id\":\"https:\/\/www.tarianarlein.co.uk\/pre-existing-medical-conditions\/#breadcrumb\",\"itemListElement\":[{\"@type\":\"ListItem\",\"position\":1,\"name\":\"Home\",\"item\":\"https:\/\/www.tarianarlein.co.uk\/\"},{\"@type\":\"ListItem\",\"position\":2,\"name\":\"Pre-existing Medical Conditions\"}]},{\"@type\":\"WebSite\",\"@id\":\"https:\/\/www.tarianarlein.co.uk\/#website\",\"url\":\"https:\/\/www.tarianarlein.co.uk\/\",\"name\":\"Acres Insurance Brokers\",\"description\":\"Welsh Bi-lingual Insurance Brokers\",\"potentialAction\":[{\"@type\":\"SearchAction\",\"target\":{\"@type\":\"EntryPoint\",\"urlTemplate\":\"https:\/\/www.tarianarlein.co.uk\/?s={search_term_string}\"},\"query-input\":{\"@type\":\"PropertyValueSpecification\",\"valueRequired\":true,\"valueName\":\"search_term_string\"}}],\"inLanguage\":\"cy\"}]}<\/script>\n<!-- \/ Yoast SEO plugin. -->","yoast_head_json":{"title":"Pre-existing Medical Conditions | Tarian (Yswiriant) Cyf | Caernarfon","robots":{"index":"index","follow":"follow","max-snippet":"max-snippet:-1","max-image-preview":"max-image-preview:large","max-video-preview":"max-video-preview:-1"},"canonical":"https:\/\/www.tarianarlein.co.uk\/pre-existing-medical-conditions\/","og_locale":"en_US","og_type":"article","og_title":"Yswiriant Teithio | Tarian","og_url":"https:\/\/www.tarianarlein.co.uk\/pre-existing-medical-conditions\/","og_site_name":"Tarian","article_modified_time":"2021-11-08T08:53:25+00:00","twitter_card":"summary_large_image","twitter_misc":{"Est. reading time":"2 minutes"},"schema":{"@context":"https:\/\/schema.org","@graph":[{"@type":"WebPage","@id":"https:\/\/www.tarianarlein.co.uk\/pre-existing-medical-conditions\/","url":"https:\/\/www.tarianarlein.co.uk\/pre-existing-medical-conditions\/","name":"Pre-existing Medical Conditions | Tarian (Yswiriant) Cyf | Caernarfon","isPartOf":{"@id":"https:\/\/www.tarianarlein.co.uk\/#website"},"datePublished":"2020-11-17T10:17:26+00:00","dateModified":"2021-11-08T08:53:25+00:00","description":"Important Information for Customers travelling with Pre-existing Medical Conditions. Call us on 01286 677 787.","breadcrumb":{"@id":"https:\/\/www.tarianarlein.co.uk\/pre-existing-medical-conditions\/#breadcrumb"},"inLanguage":"cy","potentialAction":[{"@type":"ReadAction","target":["https:\/\/www.tarianarlein.co.uk\/pre-existing-medical-conditions\/"]}]},{"@type":"BreadcrumbList","@id":"https:\/\/www.tarianarlein.co.uk\/pre-existing-medical-conditions\/#breadcrumb","itemListElement":[{"@type":"ListItem","position":1,"name":"Home","item":"https:\/\/www.tarianarlein.co.uk\/"},{"@type":"ListItem","position":2,"name":"Pre-existing Medical Conditions"}]},{"@type":"WebSite","@id":"https:\/\/www.tarianarlein.co.uk\/#website","url":"https:\/\/www.tarianarlein.co.uk\/","name":"Acres Insurance Brokers","description":"Welsh Bi-lingual Insurance Brokers","potentialAction":[{"@type":"SearchAction","target":{"@type":"EntryPoint","urlTemplate":"https:\/\/www.tarianarlein.co.uk\/?s={search_term_string}"},"query-input":{"@type":"PropertyValueSpecification","valueRequired":true,"valueName":"search_term_string"}}],"inLanguage":"cy"}]}},"_links":{"self":[{"href":"https:\/\/www.tarianarlein.co.uk\/cy\/wp-json\/wp\/v2\/pages\/24097","targetHints":{"allow":["GET"]}}],"collection":[{"href":"https:\/\/www.tarianarlein.co.uk\/cy\/wp-json\/wp\/v2\/pages"}],"about":[{"href":"https:\/\/www.tarianarlein.co.uk\/cy\/wp-json\/wp\/v2\/types\/page"}],"author":[{"embeddable":true,"href":"https:\/\/www.tarianarlein.co.uk\/cy\/wp-json\/wp\/v2\/users\/2"}],"replies":[{"embeddable":true,"href":"https:\/\/www.tarianarlein.co.uk\/cy\/wp-json\/wp\/v2\/comments?post=24097"}],"version-history":[{"count":8,"href":"https:\/\/www.tarianarlein.co.uk\/cy\/wp-json\/wp\/v2\/pages\/24097\/revisions"}],"predecessor-version":[{"id":24248,"href":"https:\/\/www.tarianarlein.co.uk\/cy\/wp-json\/wp\/v2\/pages\/24097\/revisions\/24248"}],"wp:attachment":[{"href":"https:\/\/www.tarianarlein.co.uk\/cy\/wp-json\/wp\/v2\/media?parent=24097"}],"curies":[{"name":"wp","href":"https:\/\/api.w.org\/{rel}","templated":true}]}}